{"id":867,"date":"2010-06-30T11:19:18","date_gmt":"2010-06-30T09:19:18","guid":{"rendered":"http:\/\/www.vm-wagner.at\/?page_id=867"},"modified":"2010-07-01T20:10:28","modified_gmt":"2010-07-01T18:10:28","slug":"gesundheit-vorsorge","status":"publish","type":"page","link":"http:\/\/www.vm-wagner.at\/?page_id=867","title":{"rendered":"Gesundheit &#038; Vorsorge"},"content":{"rendered":"<p>Stellen Sie sich vor Sie m\u00fcssen ins Krankenhaus und sind in Ihrem Beruf bzw. Ihrem Unternehmen unabk\u00f6mmlich.<\/p>\n<p>Ihr Vorteil als Privatpatient:<\/p>\n<ul>\n<li>Medizinische Topversorgung<\/li>\n<li>Spezialisten und Spitzenmediziener stehen zur Verf\u00fcgung<\/li>\n<li>Rasche Hilfe ! <\/li>\n<li>Medizinisch und psychisch je fr\u00fcher desto besser<\/li>\n<li>Weltdeckung<\/li>\n<li>keine strikte Besuchsregelung<\/li>\n<li>Einbettzimmer wenn gew\u00fcnscht<\/li>\n<\/ul>\n<p>Angenehmes Ambiente beschleunigt die Genesung<\/p>\n<p>Als Privatpatient im Krankenhaus k\u00f6nnen Sie vieles \u00fcber Internet, per Telefon f\u00fcr Ihre Firma, Ihrem Unternehmen oder auch Privat erledigen !!!<\/p>\n<p>mit vielen Optionen auch f\u00fcr Privatarzt und Zahnarzt<\/p>\n<p>und f\u00fcr die Familie !<\/p>\n","protected":false},"excerpt":{"rendered":"<p>Stellen Sie sich vor Sie m\u00fcssen ins Krankenhaus und sind in Ihrem Beruf bzw. Ihrem Unternehmen unabk\u00f6mmlich. Ihr Vorteil als Privatpatient: Medizinische Topversorgung Spezialisten und Spitzenmediziener stehen zur Verf\u00fcgung Rasche Hilfe ! Medizinisch und psychisch je fr\u00fcher desto besser Weltdeckung keine strikte Besuchsregelung Einbettzimmer wenn gew\u00fcnscht Angenehmes Ambiente beschleunigt die Genesung Als Privatpatient im Krankenhaus [&hellip;]<\/p>\n","protected":false},"author":3,"featured_media":0,"parent":865,"menu_order":1,"comment_status":"closed","ping_status":"open","template":"","meta":{"footnotes":""},"class_list":["post-867","page","type-page","status-publish","hentry"],"_links":{"self":[{"href":"http:\/\/www.vm-wagner.at\/index.php?rest_route=\/wp\/v2\/pages\/867","targetHints":{"allow":["GET"]}}],"collection":[{"href":"http:\/\/www.vm-wagner.at\/index.php?rest_route=\/wp\/v2\/pages"}],"about":[{"href":"http:\/\/www.vm-wagner.at\/index.php?rest_route=\/wp\/v2\/types\/page"}],"author":[{"embeddable":true,"href":"http:\/\/www.vm-wagner.at\/index.php?rest_route=\/wp\/v2\/users\/3"}],"replies":[{"embeddable":true,"href":"http:\/\/www.vm-wagner.at\/index.php?rest_route=%2Fwp%2Fv2%2Fcomments&post=867"}],"version-history":[{"count":0,"href":"http:\/\/www.vm-wagner.at\/index.php?rest_route=\/wp\/v2\/pages\/867\/revisions"}],"up":[{"embeddable":true,"href":"http:\/\/www.vm-wagner.at\/index.php?rest_route=\/wp\/v2\/pages\/865"}],"wp:attachment":[{"href":"http:\/\/www.vm-wagner.at\/index.php?rest_route=%2Fwp%2Fv2%2Fmedia&parent=867"}],"curies":[{"name":"wp","href":"https:\/\/api.w.org\/{rel}","templated":true}]}}