{"id":790,"date":"2010-06-22T20:14:49","date_gmt":"2010-06-22T18:14:49","guid":{"rendered":"http:\/\/www.vm-wagner.at\/?page_id=790"},"modified":"2016-10-10T09:22:28","modified_gmt":"2016-10-10T07:22:28","slug":"28-mai-nordic-walking","status":"publish","type":"page","link":"http:\/\/www.vm-wagner.at\/?page_id=790","title":{"rendered":"28. Mai 2010 &#8211; Nordic Walking"},"content":{"rendered":"<p>Ein besonderes Service der VersicherungsAgentur Kurt Wagner<\/p>\n<p>Am 28. Mai fand wieder ein Kundenevent zum Thema Nodic Walking und <a href=\"http:\/\/www.smovey.com\/\" target=\"_blank\">Smovey<\/a> in Rudersdorf statt. Zahlreiche Kunden der Agentur Kurt Wagner&#038;Team kamen zu dieser Veranstalung. Gemeinsam mit UNIQA VitalCoach Regina Binder wurde Instruktion und eine Aktiveinheit  durchgef\u00fchrt. Im Anschluss wurden wieder alle zum  einem  Buffet  im Freien beim Parkkaffee Bruno eingeladen.<\/p>\n<p>Wer gerne rund um die Uhr von einem Team betreut werden m\u00f6chte, den Experten vertraut, ein Kunden und Serviceb\u00fcro in seiner n\u00e4he bevorzugt, und ein g\u00fcnstiges Preis \u2013 Leistungsverh\u00e4ltnis bevorzugt, der soll sich bei der VersicherungsAgentur Kurt Wagner unter 03382\/72239 melden.  Holen Sie sich ein Vergleichsangebot !  <strong>Es ist nie zu sp\u00e4t !  www.vm-wagner.at<\/strong><br \/>\n\n\t\t<style type=\"text\/css\">\n\t\t\t#gallery-1 {\n\t\t\t\tmargin: auto;\n\t\t\t}\n\t\t\t#gallery-1 .gallery-item {\n\t\t\t\tfloat: left;\n\t\t\t\tmargin-top: 10px;\n\t\t\t\ttext-align: center;\n\t\t\t\twidth: 33%;\n\t\t\t}\n\t\t\t#gallery-1 img {\n\t\t\t\tborder: 2px solid #cfcfcf;\n\t\t\t}\n\t\t\t#gallery-1 .gallery-caption {\n\t\t\t\tmargin-left: 0;\n\t\t\t}\n\t\t\t\/* see gallery_shortcode() in wp-includes\/media.php *\/\n\t\t<\/style>\n\t\t<div id='gallery-1' class='gallery galleryid-790 gallery-columns-3 gallery-size-thumbnail'><dl class='gallery-item'>\n\t\t\t<dt class='gallery-icon landscape'>\n\t\t\t\t<a href='http:\/\/www.vm-wagner.at\/?attachment_id=795'><img loading=\"lazy\" decoding=\"async\" width=\"150\" height=\"150\" src=\"http:\/\/www.vm-wagner.at\/wp-content\/uploads\/2010\/06\/DSC00451-150x150.jpg\" class=\"attachment-thumbnail size-thumbnail\" alt=\"\" \/><\/a>\n\t\t\t<\/dt><\/dl><dl class='gallery-item'>\n\t\t\t<dt class='gallery-icon landscape'>\n\t\t\t\t<a href='http:\/\/www.vm-wagner.at\/?attachment_id=796'><img loading=\"lazy\" decoding=\"async\" width=\"150\" height=\"150\" src=\"http:\/\/www.vm-wagner.at\/wp-content\/uploads\/2010\/06\/DSC00453-150x150.jpg\" class=\"attachment-thumbnail size-thumbnail\" alt=\"\" \/><\/a>\n\t\t\t<\/dt><\/dl><dl class='gallery-item'>\n\t\t\t<dt class='gallery-icon landscape'>\n\t\t\t\t<a href='http:\/\/www.vm-wagner.at\/?attachment_id=797'><img loading=\"lazy\" decoding=\"async\" width=\"150\" height=\"150\" src=\"http:\/\/www.vm-wagner.at\/wp-content\/uploads\/2010\/06\/DSC00455-150x150.jpg\" class=\"attachment-thumbnail size-thumbnail\" alt=\"\" \/><\/a>\n\t\t\t<\/dt><\/dl><br style=\"clear: both\" \/><dl class='gallery-item'>\n\t\t\t<dt class='gallery-icon landscape'>\n\t\t\t\t<a href='http:\/\/www.vm-wagner.at\/?attachment_id=798'><img loading=\"lazy\" decoding=\"async\" width=\"150\" height=\"150\" src=\"http:\/\/www.vm-wagner.at\/wp-content\/uploads\/2010\/06\/DSC00456-150x150.jpg\" class=\"attachment-thumbnail size-thumbnail\" alt=\"\" \/><\/a>\n\t\t\t<\/dt><\/dl><dl class='gallery-item'>\n\t\t\t<dt class='gallery-icon landscape'>\n\t\t\t\t<a href='http:\/\/www.vm-wagner.at\/?attachment_id=799'><img loading=\"lazy\" decoding=\"async\" width=\"150\" height=\"150\" src=\"http:\/\/www.vm-wagner.at\/wp-content\/uploads\/2010\/06\/DSC00457-150x150.jpg\" class=\"attachment-thumbnail size-thumbnail\" alt=\"\" \/><\/a>\n\t\t\t<\/dt><\/dl><dl class='gallery-item'>\n\t\t\t<dt class='gallery-icon landscape'>\n\t\t\t\t<a href='http:\/\/www.vm-wagner.at\/?attachment_id=800'><img loading=\"lazy\" decoding=\"async\" width=\"150\" height=\"150\" src=\"http:\/\/www.vm-wagner.at\/wp-content\/uploads\/2010\/06\/DSC00458-150x150.jpg\" class=\"attachment-thumbnail size-thumbnail\" alt=\"\" \/><\/a>\n\t\t\t<\/dt><\/dl><br style=\"clear: both\" \/><dl class='gallery-item'>\n\t\t\t<dt class='gallery-icon landscape'>\n\t\t\t\t<a href='http:\/\/www.vm-wagner.at\/?attachment_id=801'><img loading=\"lazy\" decoding=\"async\" width=\"150\" height=\"150\" src=\"http:\/\/www.vm-wagner.at\/wp-content\/uploads\/2010\/06\/DSC00459-150x150.jpg\" class=\"attachment-thumbnail size-thumbnail\" alt=\"\" \/><\/a>\n\t\t\t<\/dt><\/dl><dl class='gallery-item'>\n\t\t\t<dt class='gallery-icon landscape'>\n\t\t\t\t<a href='http:\/\/www.vm-wagner.at\/?attachment_id=802'><img loading=\"lazy\" decoding=\"async\" width=\"150\" height=\"150\" src=\"http:\/\/www.vm-wagner.at\/wp-content\/uploads\/2010\/06\/DSC00461-150x150.jpg\" class=\"attachment-thumbnail size-thumbnail\" alt=\"\" \/><\/a>\n\t\t\t<\/dt><\/dl><dl class='gallery-item'>\n\t\t\t<dt class='gallery-icon landscape'>\n\t\t\t\t<a href='http:\/\/www.vm-wagner.at\/?attachment_id=803'><img loading=\"lazy\" decoding=\"async\" width=\"150\" height=\"150\" src=\"http:\/\/www.vm-wagner.at\/wp-content\/uploads\/2010\/06\/DSC00463-150x150.jpg\" class=\"attachment-thumbnail size-thumbnail\" alt=\"\" \/><\/a>\n\t\t\t<\/dt><\/dl><br style=\"clear: both\" \/><dl class='gallery-item'>\n\t\t\t<dt class='gallery-icon landscape'>\n\t\t\t\t<a href='http:\/\/www.vm-wagner.at\/?attachment_id=804'><img loading=\"lazy\" decoding=\"async\" width=\"150\" height=\"150\" src=\"http:\/\/www.vm-wagner.at\/wp-content\/uploads\/2010\/06\/DSC00464-150x150.jpg\" class=\"attachment-thumbnail size-thumbnail\" alt=\"\" \/><\/a>\n\t\t\t<\/dt><\/dl><dl class='gallery-item'>\n\t\t\t<dt class='gallery-icon landscape'>\n\t\t\t\t<a href='http:\/\/www.vm-wagner.at\/?attachment_id=805'><img loading=\"lazy\" decoding=\"async\" width=\"150\" height=\"150\" src=\"http:\/\/www.vm-wagner.at\/wp-content\/uploads\/2010\/06\/DSC00466-150x150.jpg\" class=\"attachment-thumbnail size-thumbnail\" alt=\"\" \/><\/a>\n\t\t\t<\/dt><\/dl>\n\t\t\t<br style='clear: both' \/>\n\t\t<\/div>\n<\/p>\n","protected":false},"excerpt":{"rendered":"<p>Ein besonderes Service der VersicherungsAgentur Kurt Wagner Am 28. Mai fand wieder ein Kundenevent zum Thema Nodic Walking und Smovey in Rudersdorf statt. Zahlreiche Kunden der Agentur Kurt Wagner&#038;Team kamen zu dieser Veranstalung. Gemeinsam mit UNIQA VitalCoach Regina Binder wurde Instruktion und eine Aktiveinheit durchgef\u00fchrt. Im Anschluss wurden wieder alle zum einem Buffet im Freien [&hellip;]<\/p>\n","protected":false},"author":3,"featured_media":0,"parent":617,"menu_order":1000,"comment_status":"closed","ping_status":"closed","template":"","meta":{"footnotes":""},"class_list":["post-790","page","type-page","status-publish","hentry"],"_links":{"self":[{"href":"http:\/\/www.vm-wagner.at\/index.php?rest_route=\/wp\/v2\/pages\/790","targetHints":{"allow":["GET"]}}],"collection":[{"href":"http:\/\/www.vm-wagner.at\/index.php?rest_route=\/wp\/v2\/pages"}],"about":[{"href":"http:\/\/www.vm-wagner.at\/index.php?rest_route=\/wp\/v2\/types\/page"}],"author":[{"embeddable":true,"href":"http:\/\/www.vm-wagner.at\/index.php?rest_route=\/wp\/v2\/users\/3"}],"replies":[{"embeddable":true,"href":"http:\/\/www.vm-wagner.at\/index.php?rest_route=%2Fwp%2Fv2%2Fcomments&post=790"}],"version-history":[{"count":1,"href":"http:\/\/www.vm-wagner.at\/index.php?rest_route=\/wp\/v2\/pages\/790\/revisions"}],"predecessor-version":[{"id":1099,"href":"http:\/\/www.vm-wagner.at\/index.php?rest_route=\/wp\/v2\/pages\/790\/revisions\/1099"}],"up":[{"embeddable":true,"href":"http:\/\/www.vm-wagner.at\/index.php?rest_route=\/wp\/v2\/pages\/617"}],"wp:attachment":[{"href":"http:\/\/www.vm-wagner.at\/index.php?rest_route=%2Fwp%2Fv2%2Fmedia&parent=790"}],"curies":[{"name":"wp","href":"https:\/\/api.w.org\/{rel}","templated":true}]}}