{"id":770,"date":"2010-06-22T20:07:01","date_gmt":"2010-06-22T18:07:01","guid":{"rendered":"http:\/\/www.vm-wagner.at\/?page_id=770"},"modified":"2016-10-10T09:22:58","modified_gmt":"2016-10-10T07:22:58","slug":"17-april-2010-vital-aktiv-radwandern","status":"publish","type":"page","link":"http:\/\/www.vm-wagner.at\/?page_id=770","title":{"rendered":"17. April 2010 &#8211; Vital &#038; Aktiv Radwandern"},"content":{"rendered":"<p>Bereits am 17.April 2010  war die Startveranstaltung mit einem Radwandertag begleitet von  UNIQA Vital Coach Elke Kausz. Bei wundersch\u00f6nen Fr\u00fchlingswetter nahmen zahlreiche Kunden teil. Gemeinsam wurde gestartet beim Parkkaffe Bruno in Rudersdorf mit einer Trinkpause im Buschenschank Urschler in Speltenbach und am Ziel in D.Kaltenbrunn beim MostHartl gab es noch Tips und Abschluss\u00fcbungen mit VitalCoach Elke Kausz. Als Abschuss wurden noch alle Teilnehmer zu einer Gesunden Jause, Getr\u00e4nke und einem gem\u00fctlichen beisammen sein eingeladen !<\/p>\n\n\t\t<style type=\"text\/css\">\n\t\t\t#gallery-1 {\n\t\t\t\tmargin: auto;\n\t\t\t}\n\t\t\t#gallery-1 .gallery-item {\n\t\t\t\tfloat: left;\n\t\t\t\tmargin-top: 10px;\n\t\t\t\ttext-align: center;\n\t\t\t\twidth: 33%;\n\t\t\t}\n\t\t\t#gallery-1 img {\n\t\t\t\tborder: 2px solid #cfcfcf;\n\t\t\t}\n\t\t\t#gallery-1 .gallery-caption {\n\t\t\t\tmargin-left: 0;\n\t\t\t}\n\t\t\t\/* see gallery_shortcode() in wp-includes\/media.php *\/\n\t\t<\/style>\n\t\t<div id='gallery-1' class='gallery galleryid-770 gallery-columns-3 gallery-size-thumbnail'><dl class='gallery-item'>\n\t\t\t<dt class='gallery-icon landscape'>\n\t\t\t\t<a href='http:\/\/www.vm-wagner.at\/?attachment_id=773'><img loading=\"lazy\" decoding=\"async\" width=\"150\" height=\"150\" src=\"http:\/\/www.vm-wagner.at\/wp-content\/uploads\/2010\/06\/DSC00158-150x150.jpg\" class=\"attachment-thumbnail size-thumbnail\" alt=\"\" \/><\/a>\n\t\t\t<\/dt><\/dl><dl class='gallery-item'>\n\t\t\t<dt class='gallery-icon landscape'>\n\t\t\t\t<a href='http:\/\/www.vm-wagner.at\/?attachment_id=774'><img loading=\"lazy\" decoding=\"async\" width=\"150\" height=\"150\" src=\"http:\/\/www.vm-wagner.at\/wp-content\/uploads\/2010\/06\/DSC00167-150x150.jpg\" class=\"attachment-thumbnail size-thumbnail\" alt=\"\" \/><\/a>\n\t\t\t<\/dt><\/dl><dl class='gallery-item'>\n\t\t\t<dt class='gallery-icon landscape'>\n\t\t\t\t<a href='http:\/\/www.vm-wagner.at\/?attachment_id=775'><img loading=\"lazy\" decoding=\"async\" width=\"150\" height=\"150\" src=\"http:\/\/www.vm-wagner.at\/wp-content\/uploads\/2010\/06\/DSC00169-150x150.jpg\" class=\"attachment-thumbnail size-thumbnail\" alt=\"\" \/><\/a>\n\t\t\t<\/dt><\/dl><br style=\"clear: both\" \/><dl class='gallery-item'>\n\t\t\t<dt class='gallery-icon landscape'>\n\t\t\t\t<a href='http:\/\/www.vm-wagner.at\/?attachment_id=776'><img loading=\"lazy\" decoding=\"async\" width=\"150\" height=\"150\" src=\"http:\/\/www.vm-wagner.at\/wp-content\/uploads\/2010\/06\/DSC00172-150x150.jpg\" class=\"attachment-thumbnail size-thumbnail\" alt=\"\" \/><\/a>\n\t\t\t<\/dt><\/dl><dl class='gallery-item'>\n\t\t\t<dt class='gallery-icon landscape'>\n\t\t\t\t<a href='http:\/\/www.vm-wagner.at\/?attachment_id=777'><img loading=\"lazy\" decoding=\"async\" width=\"150\" height=\"150\" src=\"http:\/\/www.vm-wagner.at\/wp-content\/uploads\/2010\/06\/DSC00173-150x150.jpg\" class=\"attachment-thumbnail size-thumbnail\" alt=\"\" \/><\/a>\n\t\t\t<\/dt><\/dl><dl class='gallery-item'>\n\t\t\t<dt class='gallery-icon landscape'>\n\t\t\t\t<a href='http:\/\/www.vm-wagner.at\/?attachment_id=778'><img loading=\"lazy\" decoding=\"async\" width=\"150\" height=\"150\" src=\"http:\/\/www.vm-wagner.at\/wp-content\/uploads\/2010\/06\/DSC00174-150x150.jpg\" class=\"attachment-thumbnail size-thumbnail\" alt=\"\" \/><\/a>\n\t\t\t<\/dt><\/dl><br style=\"clear: both\" \/><dl class='gallery-item'>\n\t\t\t<dt class='gallery-icon landscape'>\n\t\t\t\t<a href='http:\/\/www.vm-wagner.at\/?attachment_id=779'><img loading=\"lazy\" decoding=\"async\" width=\"150\" height=\"150\" src=\"http:\/\/www.vm-wagner.at\/wp-content\/uploads\/2010\/06\/DSC00175-150x150.jpg\" class=\"attachment-thumbnail size-thumbnail\" alt=\"\" \/><\/a>\n\t\t\t<\/dt><\/dl><dl class='gallery-item'>\n\t\t\t<dt class='gallery-icon landscape'>\n\t\t\t\t<a href='http:\/\/www.vm-wagner.at\/?attachment_id=780'><img loading=\"lazy\" decoding=\"async\" width=\"150\" height=\"150\" src=\"http:\/\/www.vm-wagner.at\/wp-content\/uploads\/2010\/06\/DSC00180-150x150.jpg\" class=\"attachment-thumbnail size-thumbnail\" alt=\"\" \/><\/a>\n\t\t\t<\/dt><\/dl><dl class='gallery-item'>\n\t\t\t<dt class='gallery-icon landscape'>\n\t\t\t\t<a href='http:\/\/www.vm-wagner.at\/?attachment_id=781'><img loading=\"lazy\" decoding=\"async\" width=\"150\" height=\"150\" src=\"http:\/\/www.vm-wagner.at\/wp-content\/uploads\/2010\/06\/DSC00181-150x150.jpg\" class=\"attachment-thumbnail size-thumbnail\" alt=\"\" \/><\/a>\n\t\t\t<\/dt><\/dl><br style=\"clear: both\" \/><dl class='gallery-item'>\n\t\t\t<dt class='gallery-icon landscape'>\n\t\t\t\t<a href='http:\/\/www.vm-wagner.at\/?attachment_id=782'><img loading=\"lazy\" decoding=\"async\" width=\"150\" height=\"150\" src=\"http:\/\/www.vm-wagner.at\/wp-content\/uploads\/2010\/06\/DSC00184-150x150.jpg\" class=\"attachment-thumbnail size-thumbnail\" alt=\"\" \/><\/a>\n\t\t\t<\/dt><\/dl><dl class='gallery-item'>\n\t\t\t<dt class='gallery-icon landscape'>\n\t\t\t\t<a href='http:\/\/www.vm-wagner.at\/?attachment_id=783'><img loading=\"lazy\" decoding=\"async\" width=\"150\" height=\"150\" src=\"http:\/\/www.vm-wagner.at\/wp-content\/uploads\/2010\/06\/DSC00189-150x150.jpg\" class=\"attachment-thumbnail size-thumbnail\" alt=\"\" \/><\/a>\n\t\t\t<\/dt><\/dl><dl class='gallery-item'>\n\t\t\t<dt class='gallery-icon landscape'>\n\t\t\t\t<a href='http:\/\/www.vm-wagner.at\/?attachment_id=784'><img loading=\"lazy\" decoding=\"async\" width=\"150\" height=\"150\" src=\"http:\/\/www.vm-wagner.at\/wp-content\/uploads\/2010\/06\/DSC00199-150x150.jpg\" class=\"attachment-thumbnail size-thumbnail\" alt=\"\" \/><\/a>\n\t\t\t<\/dt><\/dl><br style=\"clear: both\" \/><dl class='gallery-item'>\n\t\t\t<dt class='gallery-icon landscape'>\n\t\t\t\t<a href='http:\/\/www.vm-wagner.at\/?attachment_id=785'><img loading=\"lazy\" decoding=\"async\" width=\"150\" height=\"150\" src=\"http:\/\/www.vm-wagner.at\/wp-content\/uploads\/2010\/06\/DSC00202-150x150.jpg\" class=\"attachment-thumbnail size-thumbnail\" alt=\"\" \/><\/a>\n\t\t\t<\/dt><\/dl><dl class='gallery-item'>\n\t\t\t<dt class='gallery-icon landscape'>\n\t\t\t\t<a href='http:\/\/www.vm-wagner.at\/?attachment_id=786'><img loading=\"lazy\" decoding=\"async\" width=\"150\" height=\"150\" src=\"http:\/\/www.vm-wagner.at\/wp-content\/uploads\/2010\/06\/DSC00204-150x150.jpg\" class=\"attachment-thumbnail size-thumbnail\" alt=\"\" \/><\/a>\n\t\t\t<\/dt><\/dl>\n\t\t\t<br style='clear: both' \/>\n\t\t<\/div>\n\n","protected":false},"excerpt":{"rendered":"<p>Bereits am 17.April 2010 war die Startveranstaltung mit einem Radwandertag begleitet von UNIQA Vital Coach Elke Kausz. Bei wundersch\u00f6nen Fr\u00fchlingswetter nahmen zahlreiche Kunden teil. Gemeinsam wurde gestartet beim Parkkaffe Bruno in Rudersdorf mit einer Trinkpause im Buschenschank Urschler in Speltenbach und am Ziel in D.Kaltenbrunn beim MostHartl gab es noch Tips und Abschluss\u00fcbungen mit VitalCoach [&hellip;]<\/p>\n","protected":false},"author":3,"featured_media":0,"parent":617,"menu_order":1001,"comment_status":"closed","ping_status":"closed","template":"","meta":{"footnotes":""},"class_list":["post-770","page","type-page","status-publish","hentry"],"_links":{"self":[{"href":"http:\/\/www.vm-wagner.at\/index.php?rest_route=\/wp\/v2\/pages\/770","targetHints":{"allow":["GET"]}}],"collection":[{"href":"http:\/\/www.vm-wagner.at\/index.php?rest_route=\/wp\/v2\/pages"}],"about":[{"href":"http:\/\/www.vm-wagner.at\/index.php?rest_route=\/wp\/v2\/types\/page"}],"author":[{"embeddable":true,"href":"http:\/\/www.vm-wagner.at\/index.php?rest_route=\/wp\/v2\/users\/3"}],"replies":[{"embeddable":true,"href":"http:\/\/www.vm-wagner.at\/index.php?rest_route=%2Fwp%2Fv2%2Fcomments&post=770"}],"version-history":[{"count":1,"href":"http:\/\/www.vm-wagner.at\/index.php?rest_route=\/wp\/v2\/pages\/770\/revisions"}],"predecessor-version":[{"id":1100,"href":"http:\/\/www.vm-wagner.at\/index.php?rest_route=\/wp\/v2\/pages\/770\/revisions\/1100"}],"up":[{"embeddable":true,"href":"http:\/\/www.vm-wagner.at\/index.php?rest_route=\/wp\/v2\/pages\/617"}],"wp:attachment":[{"href":"http:\/\/www.vm-wagner.at\/index.php?rest_route=%2Fwp%2Fv2%2Fmedia&parent=770"}],"curies":[{"name":"wp","href":"https:\/\/api.w.org\/{rel}","templated":true}]}}