{"id":711,"date":"2010-06-17T12:51:23","date_gmt":"2010-06-17T10:51:23","guid":{"rendered":"http:\/\/www.vm-wagner.at\/?page_id=711"},"modified":"2010-10-29T19:58:36","modified_gmt":"2010-10-29T17:58:36","slug":"geschaftskunden","status":"publish","type":"page","link":"http:\/\/www.vm-wagner.at\/?page_id=711","title":{"rendered":"Gesch\u00e4ftskunden"},"content":{"rendered":"<h2>Betriebs &amp; Gesch\u00e4ftskunden<\/h2>\n<p>ob im B\u00fcndel oder Einzel &#8211; wir erstellen mit Ihnen Ihren Bedarf !<\/p>\n<p>Als Neukunde haben Sie einen besonderen Vorteil ! N\u00e4heres im pers\u00f6nlichen Gespr\u00e4ch .<\/p>\n<p>KFZ \u2013 Fuhrparkmanagement \u2013 G\u00fcnstige Pr\u00e4mien f\u00fcr Ihre betrieblichen KFZ<\/p>\n<p>Leasing \u2013 Management<\/p>\n<p>Betriebsb\u00fcndel<\/p>\n<p>Betriebsunterbrechung div. Risiken<\/p>\n<p>Haftpflicht<\/p>\n<p>Betriebliche Vorsorge<\/p>\n<p>Gruppenversicherung<\/p>\n<p>Abfertigung Neu<\/p>\n<p>Zukunftsicherung f\u00fcr Ihre Mitarbeiter<\/p>\n<h2>Freie Berufe<\/h2>\n<p>Arzt , Rechtsanwalt, Architekt oder andere freie Berufe<\/p>\n<p>Spezielle Vorsorge<\/p>\n<p>Betriebsb\u00fcndel<\/p>\n<p>Betriebsunterbrechung<\/p>\n<p>Haftpflicht<\/p>\n<p>Betriebliche Altersvorsorge<\/p>\n<h2>Landwirtschaft<\/h2>\n<p>Der besondere Leistungsumfang !<\/p>\n<p>B\u00fcndelversicherung<\/p>\n<p>KFZ<\/p>\n<p>Hagelversicherung<\/p>\n<p>Unfallversicherung<\/p>\n<p>Vorsorge<\/p>\n<p>uvm.<\/p>\n","protected":false},"excerpt":{"rendered":"<p>Betriebs &amp; Gesch\u00e4ftskunden ob im B\u00fcndel oder Einzel &#8211; wir erstellen mit Ihnen Ihren Bedarf ! Als Neukunde haben Sie einen besonderen Vorteil ! N\u00e4heres im pers\u00f6nlichen Gespr\u00e4ch . KFZ \u2013 Fuhrparkmanagement \u2013 G\u00fcnstige Pr\u00e4mien f\u00fcr Ihre betrieblichen KFZ Leasing \u2013 Management Betriebsb\u00fcndel Betriebsunterbrechung div. Risiken Haftpflicht Betriebliche Vorsorge Gruppenversicherung Abfertigung Neu Zukunftsicherung f\u00fcr Ihre [&hellip;]<\/p>\n","protected":false},"author":3,"featured_media":0,"parent":615,"menu_order":2,"comment_status":"closed","ping_status":"closed","template":"","meta":{"footnotes":""},"class_list":["post-711","page","type-page","status-publish","hentry"],"_links":{"self":[{"href":"http:\/\/www.vm-wagner.at\/index.php?rest_route=\/wp\/v2\/pages\/711","targetHints":{"allow":["GET"]}}],"collection":[{"href":"http:\/\/www.vm-wagner.at\/index.php?rest_route=\/wp\/v2\/pages"}],"about":[{"href":"http:\/\/www.vm-wagner.at\/index.php?rest_route=\/wp\/v2\/types\/page"}],"author":[{"embeddable":true,"href":"http:\/\/www.vm-wagner.at\/index.php?rest_route=\/wp\/v2\/users\/3"}],"replies":[{"embeddable":true,"href":"http:\/\/www.vm-wagner.at\/index.php?rest_route=%2Fwp%2Fv2%2Fcomments&post=711"}],"version-history":[{"count":1,"href":"http:\/\/www.vm-wagner.at\/index.php?rest_route=\/wp\/v2\/pages\/711\/revisions"}],"predecessor-version":[{"id":968,"href":"http:\/\/www.vm-wagner.at\/index.php?rest_route=\/wp\/v2\/pages\/711\/revisions\/968"}],"up":[{"embeddable":true,"href":"http:\/\/www.vm-wagner.at\/index.php?rest_route=\/wp\/v2\/pages\/615"}],"wp:attachment":[{"href":"http:\/\/www.vm-wagner.at\/index.php?rest_route=%2Fwp%2Fv2%2Fmedia&parent=711"}],"curies":[{"name":"wp","href":"https:\/\/api.w.org\/{rel}","templated":true}]}}