{"id":699,"date":"2010-06-17T11:28:20","date_gmt":"2010-06-17T09:28:20","guid":{"rendered":"http:\/\/www.vm-wagner.at\/?page_id=699"},"modified":"2022-03-25T10:07:28","modified_gmt":"2022-03-25T08:07:28","slug":"privatkunden","status":"publish","type":"page","link":"http:\/\/www.vm-wagner.at\/?page_id=699","title":{"rendered":"Privatkunden"},"content":{"rendered":"<h2>Ansparplan \/ Vorsorge<\/h2>\n<p>Ob Sie etwas Ansparen wollen oder Ihre Familie gegen finanzielle Sorgen bei Ableben absichern wollen, wir haben die ma\u00dfgeschneiderte L\u00f6sung f\u00fcr Ihr Budget.<\/p>\n<p>Ihre m\u00f6glichen Vorteile:<\/p>\n<p>\u2022 Individuelle Gestaltungsm\u00f6glichkeit<br \/>\n\u2022 Hoher Versicherungsschutz zu g\u00fcnstiger Pr\u00e4mie<br \/>\n\u2022 Weltweiter Versicherungsschutz<br \/>\n\u2022 Veranlagung mit Kapitalgarantie<br \/>\n\u2022 Hohe Ertragsm\u00f6glichkeit<br \/>\n\u2022 Teilentnahme , laufende Absch\u00f6pfung m\u00f6glich<br \/>\n\u2022 uvm.<\/p>\n<h2>Die Kindervorsorge<\/h2>\n<h2>Unfallvorsorge<\/h2>\n<p>Wussten Sie, dass &#8230;<\/p>\n<p>75% aller Unf\u00e4lle in der Freizeit passieren und es daf\u00fcr aus der gesetzlichen Unfallversicherung keine Leistung gibt? Kinder bis zum Schulantritt, Hausfrauen und Pensionisten nicht gesetzlich unfallversichert sind?<\/p>\n<p>In \u00d6sterreich passieren j\u00e4hrlich etwa 830.000 Unf\u00e4lle. Jeder 4. endet mit einem Spitalaufenthalt, jeder 100. mit dauernder Invalidit\u00e4t und jeder 300. sogar t\u00f6dlich. Ein Unfall kann Ihr Leben ver\u00e4ndern!<\/p>\n<p>Grund genug, um sich \u00fcber eine private Unfallvorsorge Gedanken zu machen!<\/p>\n<p>Wir haben die Ma\u00dfgeschneiderte L\u00f6sung f\u00fcr Sie und Ihre Familie !<\/p>\n<h2>Gesundheitsvorsorge<\/h2>\n<p>Wohlf\u00fchlen und Fitbleiben, oder rasch wieder gesund werden,<\/p>\n<p>Wir haben die L\u00f6sung f\u00fcr Sie in den Bereichen Medizinische Topversorgung im Krankenhaus, beim Privatarzt, f\u00fcr Ihr Kind, f\u00fcr Pflege damit es leistbar wird, und Reise u. Urlaubskrankenvorsorge mit vielen M\u00f6glichkeiten.<\/p>\n<h2>KFZ &amp; Leasing<\/h2>\n<p>ob KFZ mit oder ohne Leasing<br \/>\nwie bieten die optimale L\u00f6sung mit Aktionsvorteil !<\/p>\n<h2>Rechtschutz<\/h2>\n<p>Damit Sie zu Ihrem Recht kommen !<\/p>\n<p>&#8211; jetzt mit pr\u00e4mienfreiem Auslandreiserechtschutz !<\/p>\n<h2>Eigenheim &amp; Wohnung<\/h2>\n<p>Das flexible Produkt f\u00fcr Ihr Zuhause mit vielen M\u00f6glichkeiten und Vorteilen !<\/p>\n<h2>Kunstversicherung<\/h2>\n<p>Versicherung f\u00fcr Kunstgegenst\u00e4nde, Antiquit\u00e4ten und Rarit\u00e4ten. Die Kunstversicherung bietet mehr als nur Sicherheit f\u00fcr Ihre Sammelst\u00fccke.<\/p>\n<h2>Immobilien Schutz<\/h2>\n<p>Innovativer Schutz Ihrer Immobilie gegen viele Risken<\/p>\n<h2>Urlaubs u. Reiseversicherung<\/h2>\n<p>Ihre Vorteile:<br \/>\n\u2022 Auslandsreise-Krankenversicherung<br \/>\n\u2022 Extra-R\u00fcckreisekostenversicherung<br \/>\n\u2022 Reisegep\u00e4ckversicherung<br \/>\n\u2022 Unfallversicherung<br \/>\n\u2022 Haftpflichtversicherung<br \/>\n\u2022 Versicherung f\u00fcr zus\u00e4tzliche Anreisekosten<br \/>\n\u2022 Storno-Selbstbehaltversicherung (nur bei Bestehen einer anderweitigen Stornoversicherung; entf\u00e4llt bei Vollschutz)<br \/>\nund weitere M\u00f6glichkeiten<\/p>\n","protected":false},"excerpt":{"rendered":"<p>Ansparplan \/ Vorsorge Ob Sie etwas Ansparen wollen oder Ihre Familie gegen finanzielle Sorgen bei Ableben absichern wollen, wir haben die ma\u00dfgeschneiderte L\u00f6sung f\u00fcr Ihr Budget. Ihre m\u00f6glichen Vorteile: \u2022 Individuelle Gestaltungsm\u00f6glichkeit \u2022 Hoher Versicherungsschutz zu g\u00fcnstiger Pr\u00e4mie \u2022 Weltweiter Versicherungsschutz \u2022 Veranlagung mit Kapitalgarantie \u2022 Hohe Ertragsm\u00f6glichkeit \u2022 Teilentnahme , laufende Absch\u00f6pfung m\u00f6glich \u2022 [&hellip;]<\/p>\n","protected":false},"author":3,"featured_media":0,"parent":615,"menu_order":1,"comment_status":"closed","ping_status":"closed","template":"","meta":{"footnotes":""},"class_list":["post-699","page","type-page","status-publish","hentry"],"_links":{"self":[{"href":"http:\/\/www.vm-wagner.at\/index.php?rest_route=\/wp\/v2\/pages\/699","targetHints":{"allow":["GET"]}}],"collection":[{"href":"http:\/\/www.vm-wagner.at\/index.php?rest_route=\/wp\/v2\/pages"}],"about":[{"href":"http:\/\/www.vm-wagner.at\/index.php?rest_route=\/wp\/v2\/types\/page"}],"author":[{"embeddable":true,"href":"http:\/\/www.vm-wagner.at\/index.php?rest_route=\/wp\/v2\/users\/3"}],"replies":[{"embeddable":true,"href":"http:\/\/www.vm-wagner.at\/index.php?rest_route=%2Fwp%2Fv2%2Fcomments&post=699"}],"version-history":[{"count":4,"href":"http:\/\/www.vm-wagner.at\/index.php?rest_route=\/wp\/v2\/pages\/699\/revisions"}],"predecessor-version":[{"id":3395,"href":"http:\/\/www.vm-wagner.at\/index.php?rest_route=\/wp\/v2\/pages\/699\/revisions\/3395"}],"up":[{"embeddable":true,"href":"http:\/\/www.vm-wagner.at\/index.php?rest_route=\/wp\/v2\/pages\/615"}],"wp:attachment":[{"href":"http:\/\/www.vm-wagner.at\/index.php?rest_route=%2Fwp%2Fv2%2Fmedia&parent=699"}],"curies":[{"name":"wp","href":"https:\/\/api.w.org\/{rel}","templated":true}]}}