{"id":618,"date":"2010-06-17T10:26:24","date_gmt":"2010-06-17T08:26:24","guid":{"rendered":"http:\/\/www.vm-wagner.at\/?page_id=618"},"modified":"2019-02-26T16:20:06","modified_gmt":"2019-02-26T14:20:06","slug":"lageplan","status":"publish","type":"page","link":"http:\/\/www.vm-wagner.at\/?page_id=618","title":{"rendered":"Lageplan"},"content":{"rendered":"<h3><b>Generalagentur Kurt Wagner<\/b><\/p>\n<p><iframe loading=\"lazy\" scrolling=\"no\" marginheight=\"0\" marginwidth=\"0\" src=\"http:\/\/www.openstreetmap.org\/export\/embed.html?bbox=16.11064,47.03966,16.13162,47.05753&amp;layer=mapnik&amp;marker=47.04964,16.12132\" style=\"border: 1px solid black\" width=\"600\" height=\"480\" frameborder=\"0\"><\/iframe><br \/>\n<small><a href=\"http:\/\/www.openstreetmap.org\/?lat=47.048595&amp;lon=16.12113&amp;zoom=15&amp;layers=M&amp;mlat=47.04964&amp;mlon=16.12132\" target=\"_blank\" rel=\"noopener noreferrer\">Gr\u00f6\u00dfere Karte anzeigen<\/a><\/small><\/p>\n<p><b>Standort Rudersdorf<\/b><br \/>\nHauptstr.10<br \/>\n7571 Rudersdorf<\/p>\n<p>Mo. \u2013 Fr.       &nbsp;&nbsp;&nbsp;&nbsp;08:00 &#8211; 12:00<br \/>\nMo. Di. Do.     14:30 &#8211; 16:00<br \/>\nund nach telefonischer Vereinbarung<\/p>\n<p>Tel : 03382\/72239<\/p>\n<p><iframe loading=\"lazy\" scrolling=\"no\" marginheight=\"0\" marginwidth=\"0\" src=\"http:\/\/www.openstreetmap.org\/export\/embed.html?bbox=16.09253,47.07855,16.11956,47.09853&amp;layer=mapnik&amp;marker=47.08723,16.10639\" style=\"border: 1px solid black\" width=\"600\" height=\"480\" frameborder=\"0\"><\/iframe><br \/>\n<small><a href=\"http:\/\/www.openstreetmap.org\/?lat=47.08864&amp;lon=16.10690&amp;zoom=15&amp;layers=M&amp;mlat=47.08723&amp;mlon=16.10639\" target=\"_blank\" rel=\"noopener noreferrer\">Gr\u00f6\u00dfere Karte anzeigen<\/a><\/small><\/p>\n<p><b>Standort D.Kaltenbrunn<\/b><\/p>\n<p>Obere Marktstra\u00dfe 8<br \/>\n7572 D.Kaltenbrunn<br \/>\nMo. Mi. Do. Fr. 08:00 &#8211; 11:30<br \/>\nMo. Mi. Do.&nbsp;&nbsp;&nbsp;&nbsp;&nbsp;13:30 &#8211; 16:00<br \/>\nWeitere durch tel. Vereinbarung !<\/h3>\n","protected":false},"excerpt":{"rendered":"<p>Generalagentur Kurt Wagner Gr\u00f6\u00dfere Karte anzeigen Standort Rudersdorf Hauptstr.10 7571 Rudersdorf Mo. \u2013 Fr. &nbsp;&nbsp;&nbsp;&nbsp;08:00 &#8211; 12:00 Mo. Di. Do. 14:30 &#8211; 16:00 und nach telefonischer Vereinbarung Tel : 03382\/72239 Gr\u00f6\u00dfere Karte anzeigen Standort D.Kaltenbrunn Obere Marktstra\u00dfe 8 7572 D.Kaltenbrunn Mo. Mi. Do. Fr. 08:00 &#8211; 11:30 Mo. Mi. Do.&nbsp;&nbsp;&nbsp;&nbsp;&nbsp;13:30 &#8211; 16:00 Weitere durch tel. [&hellip;]<\/p>\n","protected":false},"author":3,"featured_media":0,"parent":0,"menu_order":7,"comment_status":"closed","ping_status":"closed","template":"","meta":{"footnotes":""},"class_list":["post-618","page","type-page","status-publish","hentry"],"_links":{"self":[{"href":"http:\/\/www.vm-wagner.at\/index.php?rest_route=\/wp\/v2\/pages\/618","targetHints":{"allow":["GET"]}}],"collection":[{"href":"http:\/\/www.vm-wagner.at\/index.php?rest_route=\/wp\/v2\/pages"}],"about":[{"href":"http:\/\/www.vm-wagner.at\/index.php?rest_route=\/wp\/v2\/types\/page"}],"author":[{"embeddable":true,"href":"http:\/\/www.vm-wagner.at\/index.php?rest_route=\/wp\/v2\/users\/3"}],"replies":[{"embeddable":true,"href":"http:\/\/www.vm-wagner.at\/index.php?rest_route=%2Fwp%2Fv2%2Fcomments&post=618"}],"version-history":[{"count":17,"href":"http:\/\/www.vm-wagner.at\/index.php?rest_route=\/wp\/v2\/pages\/618\/revisions"}],"predecessor-version":[{"id":1528,"href":"http:\/\/www.vm-wagner.at\/index.php?rest_route=\/wp\/v2\/pages\/618\/revisions\/1528"}],"wp:attachment":[{"href":"http:\/\/www.vm-wagner.at\/index.php?rest_route=%2Fwp%2Fv2%2Fmedia&parent=618"}],"curies":[{"name":"wp","href":"https:\/\/api.w.org\/{rel}","templated":true}]}}