{"id":612,"date":"2010-06-17T10:25:13","date_gmt":"2010-06-17T08:25:13","guid":{"rendered":"http:\/\/www.vm-wagner.at\/?page_id=612"},"modified":"2025-01-09T16:42:13","modified_gmt":"2025-01-09T14:42:13","slug":"unternehmen","status":"publish","type":"page","link":"http:\/\/www.vm-wagner.at\/?page_id=612","title":{"rendered":"Unternehmen"},"content":{"rendered":"<div class=\"wp-block-image\">\n<figure class=\"aligncenter size-large\"><img loading=\"lazy\" decoding=\"async\" width=\"1024\" height=\"768\" src=\"http:\/\/www.vm-wagner.at\/wp-content\/uploads\/2025\/01\/Foto-Buero-Rdf-2023-1024x768.jpg\" alt=\"\" class=\"wp-image-4406\" title=\"Unser B\u00fcro\" srcset=\"http:\/\/www.vm-wagner.at\/wp-content\/uploads\/2025\/01\/Foto-Buero-Rdf-2023-1024x768.jpg 1024w, http:\/\/www.vm-wagner.at\/wp-content\/uploads\/2025\/01\/Foto-Buero-Rdf-2023-300x225.jpg 300w, http:\/\/www.vm-wagner.at\/wp-content\/uploads\/2025\/01\/Foto-Buero-Rdf-2023-768x576.jpg 768w, http:\/\/www.vm-wagner.at\/wp-content\/uploads\/2025\/01\/Foto-Buero-Rdf-2023-1536x1152.jpg 1536w, http:\/\/www.vm-wagner.at\/wp-content\/uploads\/2025\/01\/Foto-Buero-Rdf-2023-2048x1536.jpg 2048w\" sizes=\"auto, (max-width: 1024px) 100vw, 1024px\" \/><\/figure>\n<\/div>\n\n\n<p><\/p>\n\n\n\n<h3 class=\"wp-block-heading\">Standort B\u00fcro 7571 Rudersdorf Hauptstra\u00dfe 10<\/h3>\n\n\n<div class=\"wp-block-image\">\n<figure class=\"aligncenter size-large\"><img loading=\"lazy\" decoding=\"async\" width=\"1024\" height=\"768\" src=\"http:\/\/www.vm-wagner.at\/wp-content\/uploads\/2025\/01\/Foto-Buero-DK-2023-1024x768.jpg\" alt=\"\" class=\"wp-image-4407\" srcset=\"http:\/\/www.vm-wagner.at\/wp-content\/uploads\/2025\/01\/Foto-Buero-DK-2023-1024x768.jpg 1024w, http:\/\/www.vm-wagner.at\/wp-content\/uploads\/2025\/01\/Foto-Buero-DK-2023-300x225.jpg 300w, http:\/\/www.vm-wagner.at\/wp-content\/uploads\/2025\/01\/Foto-Buero-DK-2023-768x576.jpg 768w, http:\/\/www.vm-wagner.at\/wp-content\/uploads\/2025\/01\/Foto-Buero-DK-2023-1536x1152.jpg 1536w, http:\/\/www.vm-wagner.at\/wp-content\/uploads\/2025\/01\/Foto-Buero-DK-2023-2048x1536.jpg 2048w\" sizes=\"auto, (max-width: 1024px) 100vw, 1024px\" \/><\/figure>\n<\/div>\n\n\n<p><\/p>\n\n\n\n<h3 class=\"wp-block-heading\">Standort B\u00fcro 7572 D.Kaltenbrunn, Obere Marktstra\u00dfe 8<\/h3>\n\n\n\n<figure class=\"wp-block-image size-large\"><img loading=\"lazy\" decoding=\"async\" width=\"1024\" height=\"407\" src=\"http:\/\/www.vm-wagner.at\/wp-content\/uploads\/2025\/01\/Sticker_Taschenkalender_2023_mittel-1024x407.jpg\" alt=\"\" class=\"wp-image-4405\" srcset=\"http:\/\/www.vm-wagner.at\/wp-content\/uploads\/2025\/01\/Sticker_Taschenkalender_2023_mittel-1024x407.jpg 1024w, http:\/\/www.vm-wagner.at\/wp-content\/uploads\/2025\/01\/Sticker_Taschenkalender_2023_mittel-300x119.jpg 300w, http:\/\/www.vm-wagner.at\/wp-content\/uploads\/2025\/01\/Sticker_Taschenkalender_2023_mittel-768x305.jpg 768w, http:\/\/www.vm-wagner.at\/wp-content\/uploads\/2025\/01\/Sticker_Taschenkalender_2023_mittel-1536x610.jpg 1536w, http:\/\/www.vm-wagner.at\/wp-content\/uploads\/2025\/01\/Sticker_Taschenkalender_2023_mittel.jpg 1667w\" sizes=\"auto, (max-width: 1024px) 100vw, 1024px\" \/><\/figure>\n\n\n\n<p><\/p>\n\n\n\n<p><\/p>\n\n\n\n<p>Kurt, Ren\u00e9, Patrick Wagner und Thomas Friedl bilden das Beratungsteam der VersicherungsAgentur.<br>Kompetenz, Ehrlichkeit, Kundenorientiertheit, bedarfsgerechte Beratung und Service sind nur einige Richtlinien des Teams von <a href=\"http:\/\/www.vm-wagner.at\/?page_id=69\">Kurt Wagner<\/a>.<\/p>\n\n\n<div class=\"wp-block-image\">\n<figure class=\"aligncenter size-large\"><img loading=\"lazy\" decoding=\"async\" width=\"1024\" height=\"409\" src=\"http:\/\/www.vm-wagner.at\/wp-content\/uploads\/2025\/01\/Weihnachtskarten_2023-02-1024x409.jpg\" alt=\"\" class=\"wp-image-4404\" title=\"Elke Wagner\"\/><\/figure>\n<\/div>\n\n\n<p><\/p>\n\n\n\n<p><a href=\"http:\/\/www.vm-wagner.at\/?page_id=69\">Kurt Wagner<\/a> wird im Bereich Innendienst von Gattin Elke, Tochter Cindy und Ulrike M\u00fcller unterst\u00fctzt. Ihre T\u00e4tigkeitsbereichen umfassen Annahme, Weiterleitung , Bearbeitung von Telefonaten und Kundenanfragen sowie Verwaltung der Vertrags- und Schadenakte unserer Kunden, Materialverwaltung und Buchf\u00fchrung.<\/p>\n\n\n\n<h2 class=\"wp-block-heading\">Unser Partner:<\/h2>\n\n\n\n<p><strong>Agentur Verh\u00e4ltnis mit UNIQA<\/strong><\/p>\n\n\n\n<figure class=\"wp-block-image\"><img decoding=\"async\" src=\"http:\/\/www.vm-wagner.at\/wp-content\/uploads\/2008\/06\/u1a.jpg\" alt=\"UNIQA\" title=\"UNIQA\"\/><\/figure>\n\n\n\n<p><\/p>\n\n\n\n<p><\/p>\n","protected":false},"excerpt":{"rendered":"<p>Standort B\u00fcro 7571 Rudersdorf Hauptstra\u00dfe 10 Standort B\u00fcro 7572 D.Kaltenbrunn, Obere Marktstra\u00dfe 8 Kurt, Ren\u00e9, Patrick Wagner und Thomas Friedl bilden das Beratungsteam der VersicherungsAgentur.Kompetenz, Ehrlichkeit, Kundenorientiertheit, bedarfsgerechte Beratung und Service sind nur einige Richtlinien des Teams von Kurt Wagner. Kurt Wagner wird im Bereich Innendienst von Gattin Elke, Tochter Cindy und Ulrike M\u00fcller unterst\u00fctzt. [&hellip;]<\/p>\n","protected":false},"author":3,"featured_media":0,"parent":0,"menu_order":1,"comment_status":"closed","ping_status":"closed","template":"","meta":{"footnotes":""},"class_list":["post-612","page","type-page","status-publish","hentry"],"_links":{"self":[{"href":"http:\/\/www.vm-wagner.at\/index.php?rest_route=\/wp\/v2\/pages\/612","targetHints":{"allow":["GET"]}}],"collection":[{"href":"http:\/\/www.vm-wagner.at\/index.php?rest_route=\/wp\/v2\/pages"}],"about":[{"href":"http:\/\/www.vm-wagner.at\/index.php?rest_route=\/wp\/v2\/types\/page"}],"author":[{"embeddable":true,"href":"http:\/\/www.vm-wagner.at\/index.php?rest_route=\/wp\/v2\/users\/3"}],"replies":[{"embeddable":true,"href":"http:\/\/www.vm-wagner.at\/index.php?rest_route=%2Fwp%2Fv2%2Fcomments&post=612"}],"version-history":[{"count":25,"href":"http:\/\/www.vm-wagner.at\/index.php?rest_route=\/wp\/v2\/pages\/612\/revisions"}],"predecessor-version":[{"id":4408,"href":"http:\/\/www.vm-wagner.at\/index.php?rest_route=\/wp\/v2\/pages\/612\/revisions\/4408"}],"wp:attachment":[{"href":"http:\/\/www.vm-wagner.at\/index.php?rest_route=%2Fwp%2Fv2%2Fmedia&parent=612"}],"curies":[{"name":"wp","href":"https:\/\/api.w.org\/{rel}","templated":true}]}}