{"id":1082,"date":"2011-09-23T21:53:42","date_gmt":"2011-09-23T19:53:42","guid":{"rendered":"http:\/\/www.vm-wagner.at\/?page_id=1082"},"modified":"2016-10-10T09:23:44","modified_gmt":"2016-10-10T07:23:44","slug":"17-september-2011-fitness-und-gesundheit-fur-kunden-fordern","status":"publish","type":"page","link":"http:\/\/www.vm-wagner.at\/?page_id=1082","title":{"rendered":"17. September 2011 &#8211;  Fitness und Gesundheit f\u00fcr Kunden f\u00f6rdern"},"content":{"rendered":"<p>Unter dem Motto : <strong>Fitness und Gesundheit f\u00fcr Kunden f\u00f6rdern<\/strong> wurde das Kundenevent Radwanderung am 17.09.2011 durchgef\u00fchrt.<\/p>\n<p>Unter diesem Motto nahmen 32 begeisterte Kunden und Kinder an der Radwanderung der GeneralAgenntur Kurt Wagner in Rudersdorf teil.  Geradelt wurde von Rdf. \u00fcber D.Kaltenbrunn nach Burgau wo beim Buschenschank Kleinschuster Raststation gemacht wurde. Weiter ging es \u00fcber  Rohrbrunn Berg und einer zus\u00e4tzlichen Pausenstation bis zum Ziel in D.Kaltenbrunn Berg GH Himler wo alle zu einem gem\u00fctlichen Beisammensein mit Buffet und Getr\u00e4nke geladen wurden.  Zur Sicherheit wurden alle Teilnehmer mit einer Warnweste von der Agentur ausgestattet.<\/p>\n\n\t\t<style type=\"text\/css\">\n\t\t\t#gallery-1 {\n\t\t\t\tmargin: auto;\n\t\t\t}\n\t\t\t#gallery-1 .gallery-item {\n\t\t\t\tfloat: left;\n\t\t\t\tmargin-top: 10px;\n\t\t\t\ttext-align: center;\n\t\t\t\twidth: 33%;\n\t\t\t}\n\t\t\t#gallery-1 img {\n\t\t\t\tborder: 2px solid #cfcfcf;\n\t\t\t}\n\t\t\t#gallery-1 .gallery-caption {\n\t\t\t\tmargin-left: 0;\n\t\t\t}\n\t\t\t\/* see gallery_shortcode() in wp-includes\/media.php *\/\n\t\t<\/style>\n\t\t<div id='gallery-1' class='gallery galleryid-1082 gallery-columns-3 gallery-size-thumbnail'><dl class='gallery-item'>\n\t\t\t<dt class='gallery-icon landscape'>\n\t\t\t\t<a href='http:\/\/www.vm-wagner.at\/?attachment_id=1083'><img loading=\"lazy\" decoding=\"async\" width=\"150\" height=\"150\" src=\"http:\/\/www.vm-wagner.at\/wp-content\/uploads\/2011\/09\/DSCN0453-150x150.jpg\" class=\"attachment-thumbnail size-thumbnail\" alt=\"\" \/><\/a>\n\t\t\t<\/dt><\/dl><dl class='gallery-item'>\n\t\t\t<dt class='gallery-icon landscape'>\n\t\t\t\t<a href='http:\/\/www.vm-wagner.at\/?attachment_id=1084'><img loading=\"lazy\" decoding=\"async\" width=\"150\" height=\"150\" src=\"http:\/\/www.vm-wagner.at\/wp-content\/uploads\/2011\/09\/DSCN0458-150x150.jpg\" class=\"attachment-thumbnail size-thumbnail\" alt=\"\" \/><\/a>\n\t\t\t<\/dt><\/dl><dl class='gallery-item'>\n\t\t\t<dt class='gallery-icon landscape'>\n\t\t\t\t<a href='http:\/\/www.vm-wagner.at\/?attachment_id=1085'><img loading=\"lazy\" decoding=\"async\" width=\"150\" height=\"150\" src=\"http:\/\/www.vm-wagner.at\/wp-content\/uploads\/2011\/09\/DSCN0459-150x150.jpg\" class=\"attachment-thumbnail size-thumbnail\" alt=\"\" \/><\/a>\n\t\t\t<\/dt><\/dl><br style=\"clear: both\" \/><dl class='gallery-item'>\n\t\t\t<dt class='gallery-icon landscape'>\n\t\t\t\t<a href='http:\/\/www.vm-wagner.at\/?attachment_id=1086'><img loading=\"lazy\" decoding=\"async\" width=\"150\" height=\"150\" src=\"http:\/\/www.vm-wagner.at\/wp-content\/uploads\/2011\/09\/DSCN0469-150x150.jpg\" class=\"attachment-thumbnail size-thumbnail\" alt=\"\" \/><\/a>\n\t\t\t<\/dt><\/dl><dl class='gallery-item'>\n\t\t\t<dt class='gallery-icon landscape'>\n\t\t\t\t<a href='http:\/\/www.vm-wagner.at\/?attachment_id=1087'><img loading=\"lazy\" decoding=\"async\" width=\"150\" height=\"150\" src=\"http:\/\/www.vm-wagner.at\/wp-content\/uploads\/2011\/09\/DSCN0470-150x150.jpg\" class=\"attachment-thumbnail size-thumbnail\" alt=\"\" \/><\/a>\n\t\t\t<\/dt><\/dl><dl class='gallery-item'>\n\t\t\t<dt class='gallery-icon landscape'>\n\t\t\t\t<a href='http:\/\/www.vm-wagner.at\/?attachment_id=1088'><img loading=\"lazy\" decoding=\"async\" width=\"150\" height=\"150\" src=\"http:\/\/www.vm-wagner.at\/wp-content\/uploads\/2011\/09\/DSCN0471-150x150.jpg\" class=\"attachment-thumbnail size-thumbnail\" alt=\"\" \/><\/a>\n\t\t\t<\/dt><\/dl><br style=\"clear: both\" \/><dl class='gallery-item'>\n\t\t\t<dt class='gallery-icon landscape'>\n\t\t\t\t<a href='http:\/\/www.vm-wagner.at\/?attachment_id=1089'><img loading=\"lazy\" decoding=\"async\" width=\"150\" height=\"150\" src=\"http:\/\/www.vm-wagner.at\/wp-content\/uploads\/2011\/09\/DSCN0472-150x150.jpg\" class=\"attachment-thumbnail size-thumbnail\" alt=\"\" \/><\/a>\n\t\t\t<\/dt><\/dl><dl class='gallery-item'>\n\t\t\t<dt class='gallery-icon landscape'>\n\t\t\t\t<a href='http:\/\/www.vm-wagner.at\/?attachment_id=1090'><img loading=\"lazy\" decoding=\"async\" width=\"150\" height=\"150\" src=\"http:\/\/www.vm-wagner.at\/wp-content\/uploads\/2011\/09\/DSCN0486-150x150.jpg\" class=\"attachment-thumbnail size-thumbnail\" alt=\"\" \/><\/a>\n\t\t\t<\/dt><\/dl><dl class='gallery-item'>\n\t\t\t<dt class='gallery-icon landscape'>\n\t\t\t\t<a href='http:\/\/www.vm-wagner.at\/?attachment_id=1091'><img loading=\"lazy\" decoding=\"async\" width=\"150\" height=\"150\" src=\"http:\/\/www.vm-wagner.at\/wp-content\/uploads\/2011\/09\/DSCN0500-150x150.jpg\" class=\"attachment-thumbnail size-thumbnail\" alt=\"\" \/><\/a>\n\t\t\t<\/dt><\/dl><br style=\"clear: both\" \/><dl class='gallery-item'>\n\t\t\t<dt class='gallery-icon landscape'>\n\t\t\t\t<a href='http:\/\/www.vm-wagner.at\/?attachment_id=1092'><img loading=\"lazy\" decoding=\"async\" width=\"150\" height=\"150\" src=\"http:\/\/www.vm-wagner.at\/wp-content\/uploads\/2011\/09\/DSCN0501-150x150.jpg\" class=\"attachment-thumbnail size-thumbnail\" alt=\"\" \/><\/a>\n\t\t\t<\/dt><\/dl><dl class='gallery-item'>\n\t\t\t<dt class='gallery-icon landscape'>\n\t\t\t\t<a href='http:\/\/www.vm-wagner.at\/?attachment_id=1093'><img loading=\"lazy\" decoding=\"async\" width=\"150\" height=\"150\" src=\"http:\/\/www.vm-wagner.at\/wp-content\/uploads\/2011\/09\/DSCN0502-150x150.jpg\" class=\"attachment-thumbnail size-thumbnail\" alt=\"\" \/><\/a>\n\t\t\t<\/dt><\/dl><dl class='gallery-item'>\n\t\t\t<dt class='gallery-icon landscape'>\n\t\t\t\t<a href='http:\/\/www.vm-wagner.at\/?attachment_id=1094'><img loading=\"lazy\" decoding=\"async\" width=\"150\" height=\"150\" src=\"http:\/\/www.vm-wagner.at\/wp-content\/uploads\/2011\/09\/DSCN0504-150x150.jpg\" class=\"attachment-thumbnail size-thumbnail\" alt=\"\" \/><\/a>\n\t\t\t<\/dt><\/dl><br style=\"clear: both\" \/><dl class='gallery-item'>\n\t\t\t<dt class='gallery-icon landscape'>\n\t\t\t\t<a href='http:\/\/www.vm-wagner.at\/?attachment_id=1095'><img loading=\"lazy\" decoding=\"async\" width=\"150\" height=\"150\" src=\"http:\/\/www.vm-wagner.at\/wp-content\/uploads\/2011\/09\/DSCN0521-150x150.jpg\" class=\"attachment-thumbnail size-thumbnail\" alt=\"\" \/><\/a>\n\t\t\t<\/dt><\/dl><dl class='gallery-item'>\n\t\t\t<dt class='gallery-icon landscape'>\n\t\t\t\t<a href='http:\/\/www.vm-wagner.at\/?attachment_id=1096'><img loading=\"lazy\" decoding=\"async\" width=\"150\" height=\"150\" src=\"http:\/\/www.vm-wagner.at\/wp-content\/uploads\/2011\/09\/DSCN0534-150x150.jpg\" class=\"attachment-thumbnail size-thumbnail\" alt=\"\" \/><\/a>\n\t\t\t<\/dt><\/dl>\n\t\t\t<br style='clear: both' \/>\n\t\t<\/div>\n\n","protected":false},"excerpt":{"rendered":"<p>Unter dem Motto : Fitness und Gesundheit f\u00fcr Kunden f\u00f6rdern wurde das Kundenevent Radwanderung am 17.09.2011 durchgef\u00fchrt. Unter diesem Motto nahmen 32 begeisterte Kunden und Kinder an der Radwanderung der GeneralAgenntur Kurt Wagner in Rudersdorf teil. Geradelt wurde von Rdf. \u00fcber D.Kaltenbrunn nach Burgau wo beim Buschenschank Kleinschuster Raststation gemacht wurde. Weiter ging es \u00fcber [&hellip;]<\/p>\n","protected":false},"author":2,"featured_media":0,"parent":617,"menu_order":997,"comment_status":"open","ping_status":"closed","template":"","meta":{"footnotes":""},"class_list":["post-1082","page","type-page","status-publish","hentry"],"_links":{"self":[{"href":"http:\/\/www.vm-wagner.at\/index.php?rest_route=\/wp\/v2\/pages\/1082","targetHints":{"allow":["GET"]}}],"collection":[{"href":"http:\/\/www.vm-wagner.at\/index.php?rest_route=\/wp\/v2\/pages"}],"about":[{"href":"http:\/\/www.vm-wagner.at\/index.php?rest_route=\/wp\/v2\/types\/page"}],"author":[{"embeddable":true,"href":"http:\/\/www.vm-wagner.at\/index.php?rest_route=\/wp\/v2\/users\/2"}],"replies":[{"embeddable":true,"href":"http:\/\/www.vm-wagner.at\/index.php?rest_route=%2Fwp%2Fv2%2Fcomments&post=1082"}],"version-history":[{"count":7,"href":"http:\/\/www.vm-wagner.at\/index.php?rest_route=\/wp\/v2\/pages\/1082\/revisions"}],"predecessor-version":[{"id":1109,"href":"http:\/\/www.vm-wagner.at\/index.php?rest_route=\/wp\/v2\/pages\/1082\/revisions\/1109"}],"up":[{"embeddable":true,"href":"http:\/\/www.vm-wagner.at\/index.php?rest_route=\/wp\/v2\/pages\/617"}],"wp:attachment":[{"href":"http:\/\/www.vm-wagner.at\/index.php?rest_route=%2Fwp%2Fv2%2Fmedia&parent=1082"}],"curies":[{"name":"wp","href":"https:\/\/api.w.org\/{rel}","templated":true}]}}